{"id":544,"date":"2025-12-06T19:28:01","date_gmt":"2025-12-06T19:28:01","guid":{"rendered":"https:\/\/handbellfrance.com\/home\/"},"modified":"2025-12-18T08:51:13","modified_gmt":"2025-12-18T08:51:13","slug":"home","status":"publish","type":"page","link":"https:\/\/handbellfrance.com\/","title":{"rendered":"Home"},"content":{"rendered":"\n<div class=\"wp-block-uagb-container uagb-block-614f5b20 alignfull uagb-is-root-container\">\n<div class=\"wp-block-uagb-image uagb-block-6d32b60d wp-block-uagb-image--layout-default wp-block-uagb-image--effect-static wp-block-uagb-image--align-none\"><figure class=\"wp-block-uagb-image__figure\"><img decoding=\"async\" srcset=\"https:\/\/handbellfrance.com\/wp-content\/uploads\/HF_Logo.png ,https:\/\/handbellfrance.com\/wp-content\/uploads\/HF_Logo-e1766012777803.png 780w, https:\/\/handbellfrance.com\/wp-content\/uploads\/HF_Logo-e1766012777803.png 360w\" sizes=\"auto, (max-width: 480px) 150px\" src=\"https:\/\/handbellfrance.com\/wp-content\/uploads\/HF_Logo.png\" alt=\"\" class=\"uag-image-889\" width=\"463\" height=\"271\" title=\"HF_Logo\" loading=\"lazy\" role=\"img\"\/><\/figure><\/div>\n<\/div>\n\n\n\n<div class=\"wp-block-uagb-container uagb-block-b237a83d alignfull uagb-is-root-container\">\n<div class=\"wp-block-uagb-container uagb-layout-grid uagb-block-ff2ca15e\">\n<div class=\"wp-block-uagb-advanced-heading uagb-block-f7815005\"><h6 class=\"uagb-heading-text\">A propos \/ <em>About<\/em><\/h6><\/div>\n\n\n\n<div class=\"wp-block-uagb-info-box uagb-block-6dfff782 uagb-infobox__content-wrap  uagb-infobox-icon-above-title uagb-infobox-image-valign-top\"><div class=\"uagb-ifb-content\"><div class=\"uagb-ifb-title-wrap\"><h4 class=\"uagb-ifb-title-prefix\">Pourquoi Handbell France ? <br><br>Parce que les cloches \u00e0 main ou <em>handbells<\/em> sont un art musical extraordinaire.<br><br>Parce que c&rsquo;est une activit\u00e9 musicale de partage qui permet \u00e0 tout musicien de r\u00e9aliser son plein potentiel.<br><br><em>Why Handbell France?<\/em><br><br><em>Because handbells are an extraordinary musical art.<\/em><br><em><br>Because it&rsquo;s a shared musical activity that allows every musician to reach their full potential<\/em>.<br><\/h4><\/div><\/div><\/div>\n<\/div>\n\n\n\n<div class=\"wp-block-uagb-container uagb-layout-grid uagb-block-181ca482\">\n<div class=\"wp-block-uagb-advanced-heading uagb-block-6a3ff45d\"><h6 class=\"uagb-heading-text\">Le projet 2026 \/ The 2026 project<\/h6><\/div>\n\n\n\n<div class=\"wp-block-uagb-advanced-heading uagb-block-e625d429\"><h5 class=\"uagb-heading-text\">Un festival en France une semaine avant le Symposium International en \u00c9cosse             <em>A festival in France the week previous the International Symposium in Scotland<\/em><\/h5><\/div>\n\n\n\n<div class=\"wp-block-uagb-advanced-heading uagb-block-7b75300e\"><h5 class=\"uagb-heading-text\">Un festival de handbells en France en juillet 2026                <em>A handbell festival en France in July 2026<\/em><\/h5><p class=\"uagb-desc-text\">Cela fera 45 ans en 2026 qu&rsquo;une activit\u00e9 r\u00e9guli\u00e8re de <em>handbells<\/em> est n\u00e9e en France, \u00e0 l\u2019\u00c9glise Am\u00e9ricaine de Paris. Aujourd&rsquo;hui encore, c&rsquo;est le lieu o\u00f9 sonnent le plus souvent des <em>handbells<\/em>. Un festival la semaine pr\u00e9c\u00e9dent le Symposium International organis\u00e9 dans un pays voisin de la France est une magnifique opportunit\u00e9 de promouvoir cet art musical quasiment inconnu en France.          C&rsquo;est \u00e9galement une occasion suppl\u00e9mentaire pour des musiciens du monde entier de se rencontrer, de partager des moments musicaux autour de leur instrument favori, et de d\u00e9couvrir ou red\u00e9couvrir le patrimoine culturel et gastronomique fran\u00e7ais.       Qui sait, ce festival est peut-\u00eatre le premier d&rsquo;une longue s\u00e9rie&#8230;     <em>In 2026, it will be 45 years since regular handbell playing began in France, at the American Church in Paris (ACP). Even today, it remains the place where handbells are most frequently heard. A festival held the week before the International Symposium in a country neighboring France is a wonderful opportunity to promote this musical art, which is very unfamiliar in France. It also provides an additional chance for ringers from around the world to meet, share musical moments around their favorite instrument, and discover or rediscover French cultural and culinary heritage.     Who knows, this festival might just be the first of many others\u2026<\/em><\/p><\/div>\n<\/div>\n\n\n\n<div class=\"wp-block-uagb-container uagb-layout-grid uagb-block-e7751935\">\n<div class=\"wp-block-uagb-advanced-heading uagb-block-bc0e0e60\"><h6 class=\"uagb-heading-text\">Contact<\/h6><\/div>\n\n\n\n<div class=\"wp-block-uagb-container uagb-block-b1b401b7\">\n<div class=\"wp-block-uagb-icon-list uagb-block-65face9f\"><div class=\"uagb-icon-list__wrap\">\n<div class=\"wp-block-uagb-icon-list-child uagb-block-5d69843e\"><span class=\"uagb-icon-list__source-wrap\"><svg xmlns=\"https:\/\/www.w3.org\/2000\/svg\" viewBox=\"0 0 512 512\"><path d=\"M464 64C490.5 64 512 85.49 512 112C512 127.1 504.9 141.3 492.8 150.4L275.2 313.6C263.8 322.1 248.2 322.1 236.8 313.6L19.2 150.4C7.113 141.3 0 127.1 0 112C0 85.49 21.49 64 48 64H464zM217.6 339.2C240.4 356.3 271.6 356.3 294.4 339.2L512 176V384C512 419.3 483.3 448 448 448H64C28.65 448 0 419.3 0 384V176L217.6 339.2z\"><\/path><\/svg><\/span><span class=\"uagb-icon-list__label\">handbellfrance@gmail.com<\/span><\/div>\n\n\n\n<div class=\"wp-block-uagb-icon-list-child uagb-block-53a0599d\"><span class=\"uagb-icon-list__source-wrap\"><svg xmlns=\"https:\/\/www.w3.org\/2000\/svg\" viewBox=\"0 0 384 512\"><path d=\"M168.3 499.2C116.1 435 0 279.4 0 192C0 85.96 85.96 0 192 0C298 0 384 85.96 384 192C384 279.4 267 435 215.7 499.2C203.4 514.5 180.6 514.5 168.3 499.2H168.3zM192 256C227.3 256 256 227.3 256 192C256 156.7 227.3 128 192 128C156.7 128 128 156.7 128 192C128 227.3 156.7 256 192 256z\"><\/path><\/svg><\/span><span class=\"uagb-icon-list__label\">Paris, France<\/span><\/div>\n<\/div><\/div>\n<\/div>\n<\/div>\n<\/div>\n","protected":false},"excerpt":{"rendered":"<p>A propos \/ About Le projet 2026 \/ The 2026 project Un festival en France une semaine avant le Symposium International en \u00c9cosse A festival in France the week previous the International Symposium in Scotland Un festival de handbells en France en juillet 2026 A handbell festival en France in July 2026 Cela fera 45 [&hellip;]<\/p>\n","protected":false},"author":1,"featured_media":0,"parent":0,"menu_order":0,"comment_status":"closed","ping_status":"closed","template":"","meta":{"_uag_custom_page_level_css":"","site-sidebar-layout":"no-sidebar","site-content-layout":"","ast-site-content-layout":"full-width-container","site-content-style":"default","site-sidebar-style":"default","ast-global-header-display":"","ast-banner-title-visibility":"disabled","ast-main-header-display":"","ast-hfb-above-header-display":"","ast-hfb-below-header-display":"","ast-hfb-mobile-header-display":"","site-post-title":"disabled","ast-breadcrumbs-content":"","ast-featured-img":"","footer-sml-layout":"","ast-disable-related-posts":"","theme-transparent-header-meta":"enabled","adv-header-id-meta":"","stick-header-meta":"","header-above-stick-meta":"","header-main-stick-meta":"","header-below-stick-meta":"","astra-migrate-meta-layouts":"set","ast-page-background-enabled":"default","ast-page-background-meta":{"desktop":{"background-color":"var(--ast-global-color-4)","background-image":"","background-repeat":"repeat","background-position":"center center","background-size":"auto","background-attachment":"scroll","background-type":"","background-media":"","overlay-type":"","overlay-color":"","overlay-opacity":"","overlay-gradient":""},"tablet":{"background-color":"","background-image":"","background-repeat":"repeat","background-position":"center center","background-size":"auto","background-attachment":"scroll","background-type":"","background-media":"","overlay-type":"","overlay-color":"","overlay-opacity":"","overlay-gradient":""},"mobile":{"background-color":"","background-image":"","background-repeat":"repeat","background-position":"center center","background-size":"auto","background-attachment":"scroll","background-type":"","background-media":"","overlay-type":"","overlay-color":"","overlay-opacity":"","overlay-gradient":""}},"ast-content-background-meta":{"desktop":{"background-color":"var(--ast-global-color-5)","background-image":"","background-repeat":"repeat","background-position":"center center","background-size":"auto","background-attachment":"scroll","background-type":"","background-media":"","overlay-type":"","overlay-color":"","overlay-opacity":"","overlay-gradient":""},"tablet":{"background-color":"var(--ast-global-color-5)","background-image":"","background-repeat":"repeat","background-position":"center center","background-size":"auto","background-attachment":"scroll","background-type":"","background-media":"","overlay-type":"","overlay-color":"","overlay-opacity":"","overlay-gradient":""},"mobile":{"background-color":"var(--ast-global-color-5)","background-image":"","background-repeat":"repeat","background-position":"center center","background-size":"auto","background-attachment":"scroll","background-type":"","background-media":"","overlay-type":"","overlay-color":"","overlay-opacity":"","overlay-gradient":""}},"footnotes":""},"class_list":["post-544","page","type-page","status-publish","hentry"],"uagb_featured_image_src":{"full":false,"thumbnail":false,"medium":false,"medium_large":false,"large":false,"1536x1536":false,"2048x2048":false},"uagb_author_info":{"display_name":"mamathilde.go@gmail.com","author_link":"https:\/\/handbellfrance.com\/?author=1"},"uagb_comment_info":0,"uagb_excerpt":"A propos \/ About Le projet 2026 \/ The 2026 project Un festival en France une semaine avant le Symposium International en \u00c9cosse A festival in France the week previous the International Symposium in Scotland Un festival de handbells en France en juillet 2026 A handbell festival en France in July 2026 Cela fera 45\u2026","_links":{"self":[{"href":"https:\/\/handbellfrance.com\/index.php?rest_route=\/wp\/v2\/pages\/544","targetHints":{"allow":["GET"]}}],"collection":[{"href":"https:\/\/handbellfrance.com\/index.php?rest_route=\/wp\/v2\/pages"}],"about":[{"href":"https:\/\/handbellfrance.com\/index.php?rest_route=\/wp\/v2\/types\/page"}],"author":[{"embeddable":true,"href":"https:\/\/handbellfrance.com\/index.php?rest_route=\/wp\/v2\/users\/1"}],"replies":[{"embeddable":true,"href":"https:\/\/handbellfrance.com\/index.php?rest_route=%2Fwp%2Fv2%2Fcomments&post=544"}],"version-history":[{"count":20,"href":"https:\/\/handbellfrance.com\/index.php?rest_route=\/wp\/v2\/pages\/544\/revisions"}],"predecessor-version":[{"id":971,"href":"https:\/\/handbellfrance.com\/index.php?rest_route=\/wp\/v2\/pages\/544\/revisions\/971"}],"wp:attachment":[{"href":"https:\/\/handbellfrance.com\/index.php?rest_route=%2Fwp%2Fv2%2Fmedia&parent=544"}],"curies":[{"name":"wp","href":"https:\/\/api.w.org\/{rel}","templated":true}]}}